
{"id":813,"date":"2017-03-29T16:42:06","date_gmt":"2017-03-29T14:42:06","guid":{"rendered":"http:\/\/www.ps-design.it\/marini\/?page_id=813\/"},"modified":"2020-04-24T10:24:58","modified_gmt":"2020-04-24T08:24:58","slug":"home","status":"publish","type":"page","link":"https:\/\/www.hotelmarini.it\/it\/","title":{"rendered":"Pagina iniziale"},"content":{"rendered":"<p>Un caro benvenuto a vacanzieri, amanti di giardini, escursionisti, a chi cerca il silenzio e a tutti gli amici.<\/p>\n<p><strong>MARINIs giardino Hotel<\/strong> \u00e8 un mix tra elementi alpini e mediterranei. Noi pi\u00f9 di hotel vogliamo essere Guesthouse a 4 stelle nel paese di Tirolo sopra Merano. Amiamo offrire tante possibilit\u00e0 ai nostri clienti.<\/p>\n<p>Speriamo in una Vostra visita,<\/p>\n<p>A presto<\/p>\n<p>Vostra famiglia Marini<\/p>\n","protected":false},"excerpt":{"rendered":"<p>Un caro benvenuto a vacanzieri, amanti di giardini, escursionisti, a chi cerca il silenzio e a tutti gli amici. MARINIs giardino Hotel \u00e8 un mix tra elementi alpini e mediterranei. [&hellip;]<\/p>\n","protected":false},"author":1,"featured_media":0,"parent":0,"menu_order":14,"comment_status":"closed","ping_status":"closed","template":"page-home.php","meta":{"footnotes":""},"class_list":["post-813","page","type-page","status-publish","hentry"],"_links":{"self":[{"href":"https:\/\/www.hotelmarini.it\/it\/wp-json\/wp\/v2\/pages\/813","targetHints":{"allow":["GET"]}}],"collection":[{"href":"https:\/\/www.hotelmarini.it\/it\/wp-json\/wp\/v2\/pages"}],"about":[{"href":"https:\/\/www.hotelmarini.it\/it\/wp-json\/wp\/v2\/types\/page"}],"author":[{"embeddable":true,"href":"https:\/\/www.hotelmarini.it\/it\/wp-json\/wp\/v2\/users\/1"}],"replies":[{"embeddable":true,"href":"https:\/\/www.hotelmarini.it\/it\/wp-json\/wp\/v2\/comments?post=813"}],"version-history":[{"count":0,"href":"https:\/\/www.hotelmarini.it\/it\/wp-json\/wp\/v2\/pages\/813\/revisions"}],"wp:attachment":[{"href":"https:\/\/www.hotelmarini.it\/it\/wp-json\/wp\/v2\/media?parent=813"}],"curies":[{"name":"wp","href":"https:\/\/api.w.org\/{rel}","templated":true}]}}